{"id":10036,"date":"2023-10-06T10:05:43","date_gmt":"2023-10-06T08:05:43","guid":{"rendered":"https:\/\/www.exsymol.com\/?page_id=10036"},"modified":"2023-12-13T09:20:33","modified_gmt":"2023-12-13T08:20:33","slug":"peptides","status":"publish","type":"page","link":"https:\/\/www.exsymol.com\/fr\/peptides\/","title":{"rendered":"Peptides"},"content":{"rendered":"\n<p>Pour toute demande d\u2019informations, merci de nous \u00e9crire \u00e0 <a href=\"mailto:customerservice@exsymol.com\"><strong>customerservice@exsymol.com<\/strong><\/a><\/p>\n\n\n\n<figure class=\"wp-block-image size-large\"><img loading=\"lazy\" decoding=\"async\" width=\"1024\" height=\"411\" src=\"https:\/\/www.exsymol.com\/wp-content\/uploads\/2023\/10\/peptides-1024x411.png\" alt=\"\" class=\"wp-image-10060\" srcset=\"https:\/\/www.exsymol.com\/wp-content\/uploads\/2023\/10\/peptides-1024x411.png 1024w, https:\/\/www.exsymol.com\/wp-content\/uploads\/2023\/10\/peptides-300x120.png 300w, https:\/\/www.exsymol.com\/wp-content\/uploads\/2023\/10\/peptides-768x308.png 768w, https:\/\/www.exsymol.com\/wp-content\/uploads\/2023\/10\/peptides.png 1272w\" sizes=\"auto, (max-width: 1024px) 100vw, 1024px\" \/><\/figure>\n","protected":false},"excerpt":{"rendered":"Pour toute demande d\u2019informations, merci de nous \u00e9crire \u00e0 customerservice@exsymol.com","protected":false},"author":328,"featured_media":0,"parent":0,"menu_order":0,"comment_status":"closed","ping_status":"closed","template":"page-dossier.php","meta":{"_acf_changed":false,"footnotes":""},"class_list":["post-10036","page","type-page","status-publish","hentry"],"acf":[],"yoast_head":"<!-- This site is optimized with the Yoast SEO plugin v26.8 - https:\/\/yoast.com\/product\/yoast-seo-wordpress\/ -->\n<title>Peptides - Exsymol<\/title>\n<meta name=\"description\" content=\"Nos actifs sont le fruit d\u2019\u00e9tudes de structure et d\u2019activit\u00e9. On am\u00e9liore ainsi leur biodisponibilit\u00e9 ainsi que leur stabilit\u00e9 dans la peau.\" \/>\n<meta name=\"robots\" content=\"index, follow, max-snippet:-1, max-image-preview:large, max-video-preview:-1\" \/>\n<link rel=\"canonical\" href=\"https:\/\/www.exsymol.com\/fr\/peptides\/\" \/>\n<meta property=\"og:locale\" content=\"fr_FR\" \/>\n<meta property=\"og:type\" content=\"article\" \/>\n<meta property=\"og:title\" content=\"Peptides - Exsymol\" \/>\n<meta property=\"og:description\" content=\"Nos actifs sont le fruit d\u2019\u00e9tudes de structure et d\u2019activit\u00e9. On am\u00e9liore ainsi leur biodisponibilit\u00e9 ainsi que leur stabilit\u00e9 dans la peau.\" \/>\n<meta property=\"og:url\" content=\"https:\/\/www.exsymol.com\/fr\/peptides\/\" \/>\n<meta property=\"og:site_name\" content=\"Exsymol\" \/>\n<meta property=\"article:modified_time\" content=\"2023-12-13T08:20:33+00:00\" \/>\n<meta property=\"og:image\" content=\"https:\/\/www.exsymol.com\/wp-content\/uploads\/2023\/10\/peptides-1024x411.png\" \/>\n<meta name=\"twitter:card\" content=\"summary_large_image\" \/>\n<meta name=\"twitter:label1\" content=\"Dur\u00e9e de lecture estim\u00e9e\" \/>\n\t<meta name=\"twitter:data1\" content=\"1 minute\" \/>\n<script type=\"application\/ld+json\" class=\"yoast-schema-graph\">{\"@context\":\"https:\/\/schema.org\",\"@graph\":[{\"@type\":\"WebPage\",\"@id\":\"https:\/\/www.exsymol.com\/fr\/peptides\/\",\"url\":\"https:\/\/www.exsymol.com\/fr\/peptides\/\",\"name\":\"Peptides - Exsymol\",\"isPartOf\":{\"@id\":\"https:\/\/www.exsymol.com\/en\/#website\"},\"primaryImageOfPage\":{\"@id\":\"https:\/\/www.exsymol.com\/fr\/peptides\/#primaryimage\"},\"image\":{\"@id\":\"https:\/\/www.exsymol.com\/fr\/peptides\/#primaryimage\"},\"thumbnailUrl\":\"https:\/\/www.exsymol.com\/wp-content\/uploads\/2023\/10\/peptides-1024x411.png\",\"datePublished\":\"2023-10-06T08:05:43+00:00\",\"dateModified\":\"2023-12-13T08:20:33+00:00\",\"description\":\"Nos actifs sont le fruit d\u2019\u00e9tudes de structure et d\u2019activit\u00e9. On am\u00e9liore ainsi leur biodisponibilit\u00e9 ainsi que leur stabilit\u00e9 dans la peau.\",\"breadcrumb\":{\"@id\":\"https:\/\/www.exsymol.com\/fr\/peptides\/#breadcrumb\"},\"inLanguage\":\"fr-FR\",\"potentialAction\":[{\"@type\":\"ReadAction\",\"target\":[\"https:\/\/www.exsymol.com\/fr\/peptides\/\"]}]},{\"@type\":\"ImageObject\",\"inLanguage\":\"fr-FR\",\"@id\":\"https:\/\/www.exsymol.com\/fr\/peptides\/#primaryimage\",\"url\":\"https:\/\/www.exsymol.com\/wp-content\/uploads\/2023\/10\/peptides-1024x411.png\",\"contentUrl\":\"https:\/\/www.exsymol.com\/wp-content\/uploads\/2023\/10\/peptides-1024x411.png\"},{\"@type\":\"BreadcrumbList\",\"@id\":\"https:\/\/www.exsymol.com\/fr\/peptides\/#breadcrumb\",\"itemListElement\":[{\"@type\":\"ListItem\",\"position\":1,\"name\":\"Accueil\",\"item\":\"https:\/\/www.exsymol.com\/fr\/\"},{\"@type\":\"ListItem\",\"position\":2,\"name\":\"Peptides\"}]},{\"@type\":\"WebSite\",\"@id\":\"https:\/\/www.exsymol.com\/en\/#website\",\"url\":\"https:\/\/www.exsymol.com\/en\/\",\"name\":\"Exsymol\",\"description\":\"Designer d&#039;ingr\u00e9dients actifs\",\"potentialAction\":[{\"@type\":\"SearchAction\",\"target\":{\"@type\":\"EntryPoint\",\"urlTemplate\":\"https:\/\/www.exsymol.com\/en\/?s={search_term_string}\"},\"query-input\":{\"@type\":\"PropertyValueSpecification\",\"valueRequired\":true,\"valueName\":\"search_term_string\"}}],\"inLanguage\":\"fr-FR\"}]}<\/script>\n<!-- \/ Yoast SEO plugin. -->","yoast_head_json":{"title":"Peptides - Exsymol","description":"Nos actifs sont le fruit d\u2019\u00e9tudes de structure et d\u2019activit\u00e9. On am\u00e9liore ainsi leur biodisponibilit\u00e9 ainsi que leur stabilit\u00e9 dans la peau.","robots":{"index":"index","follow":"follow","max-snippet":"max-snippet:-1","max-image-preview":"max-image-preview:large","max-video-preview":"max-video-preview:-1"},"canonical":"https:\/\/www.exsymol.com\/fr\/peptides\/","og_locale":"fr_FR","og_type":"article","og_title":"Peptides - Exsymol","og_description":"Nos actifs sont le fruit d\u2019\u00e9tudes de structure et d\u2019activit\u00e9. On am\u00e9liore ainsi leur biodisponibilit\u00e9 ainsi que leur stabilit\u00e9 dans la peau.","og_url":"https:\/\/www.exsymol.com\/fr\/peptides\/","og_site_name":"Exsymol","article_modified_time":"2023-12-13T08:20:33+00:00","og_image":[{"url":"https:\/\/www.exsymol.com\/wp-content\/uploads\/2023\/10\/peptides-1024x411.png","type":"","width":"","height":""}],"twitter_card":"summary_large_image","twitter_misc":{"Dur\u00e9e de lecture estim\u00e9e":"1 minute"},"schema":{"@context":"https:\/\/schema.org","@graph":[{"@type":"WebPage","@id":"https:\/\/www.exsymol.com\/fr\/peptides\/","url":"https:\/\/www.exsymol.com\/fr\/peptides\/","name":"Peptides - Exsymol","isPartOf":{"@id":"https:\/\/www.exsymol.com\/en\/#website"},"primaryImageOfPage":{"@id":"https:\/\/www.exsymol.com\/fr\/peptides\/#primaryimage"},"image":{"@id":"https:\/\/www.exsymol.com\/fr\/peptides\/#primaryimage"},"thumbnailUrl":"https:\/\/www.exsymol.com\/wp-content\/uploads\/2023\/10\/peptides-1024x411.png","datePublished":"2023-10-06T08:05:43+00:00","dateModified":"2023-12-13T08:20:33+00:00","description":"Nos actifs sont le fruit d\u2019\u00e9tudes de structure et d\u2019activit\u00e9. On am\u00e9liore ainsi leur biodisponibilit\u00e9 ainsi que leur stabilit\u00e9 dans la peau.","breadcrumb":{"@id":"https:\/\/www.exsymol.com\/fr\/peptides\/#breadcrumb"},"inLanguage":"fr-FR","potentialAction":[{"@type":"ReadAction","target":["https:\/\/www.exsymol.com\/fr\/peptides\/"]}]},{"@type":"ImageObject","inLanguage":"fr-FR","@id":"https:\/\/www.exsymol.com\/fr\/peptides\/#primaryimage","url":"https:\/\/www.exsymol.com\/wp-content\/uploads\/2023\/10\/peptides-1024x411.png","contentUrl":"https:\/\/www.exsymol.com\/wp-content\/uploads\/2023\/10\/peptides-1024x411.png"},{"@type":"BreadcrumbList","@id":"https:\/\/www.exsymol.com\/fr\/peptides\/#breadcrumb","itemListElement":[{"@type":"ListItem","position":1,"name":"Accueil","item":"https:\/\/www.exsymol.com\/fr\/"},{"@type":"ListItem","position":2,"name":"Peptides"}]},{"@type":"WebSite","@id":"https:\/\/www.exsymol.com\/en\/#website","url":"https:\/\/www.exsymol.com\/en\/","name":"Exsymol","description":"Designer d&#039;ingr\u00e9dients actifs","potentialAction":[{"@type":"SearchAction","target":{"@type":"EntryPoint","urlTemplate":"https:\/\/www.exsymol.com\/en\/?s={search_term_string}"},"query-input":{"@type":"PropertyValueSpecification","valueRequired":true,"valueName":"search_term_string"}}],"inLanguage":"fr-FR"}]}},"_links":{"self":[{"href":"https:\/\/www.exsymol.com\/fr\/wp-json\/wp\/v2\/pages\/10036\/"}],"collection":[{"href":"https:\/\/www.exsymol.com\/fr\/wp-json\/wp\/v2\/pages\/"}],"about":[{"href":"https:\/\/www.exsymol.com\/fr\/wp-json\/wp\/v2\/types\/page\/"}],"author":[{"embeddable":true,"href":"https:\/\/www.exsymol.com\/fr\/wp-json\/wp\/v2\/users\/328\/"}],"replies":[{"embeddable":true,"href":"https:\/\/www.exsymol.com\/fr\/wp-json\/wp\/v2\/comments\/?post=10036"}],"version-history":[{"count":8,"href":"https:\/\/www.exsymol.com\/fr\/wp-json\/wp\/v2\/pages\/10036\/revisions\/"}],"predecessor-version":[{"id":10189,"href":"https:\/\/www.exsymol.com\/fr\/wp-json\/wp\/v2\/pages\/10036\/revisions\/10189\/"}],"wp:attachment":[{"href":"https:\/\/www.exsymol.com\/fr\/wp-json\/wp\/v2\/media\/?parent=10036"}],"curies":[{"name":"wp","href":"https:\/\/api.w.org\/{rel}","templated":true}]}}