{"id":103,"date":"2019-02-06T03:58:26","date_gmt":"2019-02-06T03:58:26","guid":{"rendered":"https:\/\/www.exsymol.com\/?page_id=103"},"modified":"2023-12-13T09:20:30","modified_gmt":"2023-12-13T08:20:30","slug":"actifs-naturels","status":"publish","type":"page","link":"https:\/\/www.exsymol.com\/fr\/actifs-naturels\/","title":{"rendered":"Actifs naturels"},"content":{"rendered":"\n<p><strong>Les plantes poss\u00e8dent d\u2019extraordinaires capacit\u00e9s de r\u00e9sistance, de r\u00e9g\u00e9n\u00e9ration et de long\u00e9vit\u00e9<\/strong>. <\/p>\n\n\n\n<p>Exsymol s\u2019inspire de la nature pour d\u00e9velopper une gamme d\u2019actifs v\u00e9g\u00e9taux, performants et innovants dont les composants actifs et les m\u00e9canismes d\u2019actions ont \u00e9t\u00e9 clairement identifi\u00e9s.<br>Ils r\u00e9pondent aux besoins de la peau pour de multiples b\u00e9n\u00e9fices cutan\u00e9s.<\/p>\n","protected":false},"excerpt":{"rendered":"Les plantes poss\u00e8dent d\u2019extraordinaires capacit\u00e9s de r\u00e9sistance, de r\u00e9g\u00e9n\u00e9ration et de long\u00e9vit\u00e9. Exsymol s\u2019inspire de la nature pour d\u00e9velopper une gamme d\u2019actifs v\u00e9g\u00e9taux, performants et innovants dont les composants actifs et les m\u00e9canismes d\u2019actions ont \u00e9t\u00e9 clairement identifi\u00e9s.Ils r\u00e9pondent aux besoins de la peau pour de multiples b\u00e9n\u00e9fices cutan\u00e9s.","protected":false},"author":328,"featured_media":0,"parent":0,"menu_order":0,"comment_status":"closed","ping_status":"closed","template":"page-solution.php","meta":{"_acf_changed":false,"footnotes":""},"class_list":["post-103","page","type-page","status-publish","hentry"],"acf":[],"yoast_head":"<!-- This site is optimized with the Yoast SEO plugin v26.8 - https:\/\/yoast.com\/product\/yoast-seo-wordpress\/ -->\n<title>Actifs naturels - Exsymol<\/title>\n<meta name=\"robots\" content=\"index, follow, max-snippet:-1, max-image-preview:large, max-video-preview:-1\" \/>\n<link rel=\"canonical\" href=\"https:\/\/www.exsymol.com\/fr\/actifs-naturels\/\" \/>\n<meta property=\"og:locale\" content=\"fr_FR\" \/>\n<meta property=\"og:type\" content=\"article\" \/>\n<meta property=\"og:title\" content=\"Actifs naturels - Exsymol\" \/>\n<meta property=\"og:description\" content=\"Les plantes poss\u00e8dent d\u2019extraordinaires capacit\u00e9s de r\u00e9sistance, de r\u00e9g\u00e9n\u00e9ration et de long\u00e9vit\u00e9. Exsymol s\u2019inspire de la nature pour d\u00e9velopper une gamme d\u2019actifs v\u00e9g\u00e9taux, performants et innovants dont les composants actifs et les m\u00e9canismes d\u2019actions ont \u00e9t\u00e9 clairement identifi\u00e9s.Ils r\u00e9pondent aux besoins de la peau pour de multiples b\u00e9n\u00e9fices cutan\u00e9s.\" \/>\n<meta property=\"og:url\" content=\"https:\/\/www.exsymol.com\/fr\/actifs-naturels\/\" \/>\n<meta property=\"og:site_name\" content=\"Exsymol\" \/>\n<meta property=\"article:modified_time\" content=\"2023-12-13T08:20:30+00:00\" \/>\n<meta name=\"twitter:card\" content=\"summary_large_image\" \/>\n<script type=\"application\/ld+json\" class=\"yoast-schema-graph\">{\"@context\":\"https:\/\/schema.org\",\"@graph\":[{\"@type\":\"WebPage\",\"@id\":\"https:\/\/www.exsymol.com\/fr\/actifs-naturels\/\",\"url\":\"https:\/\/www.exsymol.com\/fr\/actifs-naturels\/\",\"name\":\"Actifs naturels - Exsymol\",\"isPartOf\":{\"@id\":\"https:\/\/www.exsymol.com\/en\/#website\"},\"datePublished\":\"2019-02-06T03:58:26+00:00\",\"dateModified\":\"2023-12-13T08:20:30+00:00\",\"breadcrumb\":{\"@id\":\"https:\/\/www.exsymol.com\/fr\/actifs-naturels\/#breadcrumb\"},\"inLanguage\":\"fr-FR\",\"potentialAction\":[{\"@type\":\"ReadAction\",\"target\":[\"https:\/\/www.exsymol.com\/fr\/actifs-naturels\/\"]}]},{\"@type\":\"BreadcrumbList\",\"@id\":\"https:\/\/www.exsymol.com\/fr\/actifs-naturels\/#breadcrumb\",\"itemListElement\":[{\"@type\":\"ListItem\",\"position\":1,\"name\":\"Accueil\",\"item\":\"https:\/\/www.exsymol.com\/fr\/\"},{\"@type\":\"ListItem\",\"position\":2,\"name\":\"Actifs naturels\"}]},{\"@type\":\"WebSite\",\"@id\":\"https:\/\/www.exsymol.com\/en\/#website\",\"url\":\"https:\/\/www.exsymol.com\/en\/\",\"name\":\"Exsymol\",\"description\":\"Designer d&#039;ingr\u00e9dients actifs\",\"potentialAction\":[{\"@type\":\"SearchAction\",\"target\":{\"@type\":\"EntryPoint\",\"urlTemplate\":\"https:\/\/www.exsymol.com\/en\/?s={search_term_string}\"},\"query-input\":{\"@type\":\"PropertyValueSpecification\",\"valueRequired\":true,\"valueName\":\"search_term_string\"}}],\"inLanguage\":\"fr-FR\"}]}<\/script>\n<!-- \/ Yoast SEO plugin. -->","yoast_head_json":{"title":"Actifs naturels - Exsymol","robots":{"index":"index","follow":"follow","max-snippet":"max-snippet:-1","max-image-preview":"max-image-preview:large","max-video-preview":"max-video-preview:-1"},"canonical":"https:\/\/www.exsymol.com\/fr\/actifs-naturels\/","og_locale":"fr_FR","og_type":"article","og_title":"Actifs naturels - Exsymol","og_description":"Les plantes poss\u00e8dent d\u2019extraordinaires capacit\u00e9s de r\u00e9sistance, de r\u00e9g\u00e9n\u00e9ration et de long\u00e9vit\u00e9. Exsymol s\u2019inspire de la nature pour d\u00e9velopper une gamme d\u2019actifs v\u00e9g\u00e9taux, performants et innovants dont les composants actifs et les m\u00e9canismes d\u2019actions ont \u00e9t\u00e9 clairement identifi\u00e9s.Ils r\u00e9pondent aux besoins de la peau pour de multiples b\u00e9n\u00e9fices cutan\u00e9s.","og_url":"https:\/\/www.exsymol.com\/fr\/actifs-naturels\/","og_site_name":"Exsymol","article_modified_time":"2023-12-13T08:20:30+00:00","twitter_card":"summary_large_image","schema":{"@context":"https:\/\/schema.org","@graph":[{"@type":"WebPage","@id":"https:\/\/www.exsymol.com\/fr\/actifs-naturels\/","url":"https:\/\/www.exsymol.com\/fr\/actifs-naturels\/","name":"Actifs naturels - Exsymol","isPartOf":{"@id":"https:\/\/www.exsymol.com\/en\/#website"},"datePublished":"2019-02-06T03:58:26+00:00","dateModified":"2023-12-13T08:20:30+00:00","breadcrumb":{"@id":"https:\/\/www.exsymol.com\/fr\/actifs-naturels\/#breadcrumb"},"inLanguage":"fr-FR","potentialAction":[{"@type":"ReadAction","target":["https:\/\/www.exsymol.com\/fr\/actifs-naturels\/"]}]},{"@type":"BreadcrumbList","@id":"https:\/\/www.exsymol.com\/fr\/actifs-naturels\/#breadcrumb","itemListElement":[{"@type":"ListItem","position":1,"name":"Accueil","item":"https:\/\/www.exsymol.com\/fr\/"},{"@type":"ListItem","position":2,"name":"Actifs naturels"}]},{"@type":"WebSite","@id":"https:\/\/www.exsymol.com\/en\/#website","url":"https:\/\/www.exsymol.com\/en\/","name":"Exsymol","description":"Designer d&#039;ingr\u00e9dients actifs","potentialAction":[{"@type":"SearchAction","target":{"@type":"EntryPoint","urlTemplate":"https:\/\/www.exsymol.com\/en\/?s={search_term_string}"},"query-input":{"@type":"PropertyValueSpecification","valueRequired":true,"valueName":"search_term_string"}}],"inLanguage":"fr-FR"}]}},"_links":{"self":[{"href":"https:\/\/www.exsymol.com\/fr\/wp-json\/wp\/v2\/pages\/103\/"}],"collection":[{"href":"https:\/\/www.exsymol.com\/fr\/wp-json\/wp\/v2\/pages\/"}],"about":[{"href":"https:\/\/www.exsymol.com\/fr\/wp-json\/wp\/v2\/types\/page\/"}],"author":[{"embeddable":true,"href":"https:\/\/www.exsymol.com\/fr\/wp-json\/wp\/v2\/users\/328\/"}],"replies":[{"embeddable":true,"href":"https:\/\/www.exsymol.com\/fr\/wp-json\/wp\/v2\/comments\/?post=103"}],"version-history":[{"count":1,"href":"https:\/\/www.exsymol.com\/fr\/wp-json\/wp\/v2\/pages\/103\/revisions\/"}],"predecessor-version":[{"id":10182,"href":"https:\/\/www.exsymol.com\/fr\/wp-json\/wp\/v2\/pages\/103\/revisions\/10182\/"}],"wp:attachment":[{"href":"https:\/\/www.exsymol.com\/fr\/wp-json\/wp\/v2\/media\/?parent=103"}],"curies":[{"name":"wp","href":"https:\/\/api.w.org\/{rel}","templated":true}]}}