{"id":18,"date":"2019-02-01T06:12:34","date_gmt":"2019-02-01T06:12:34","guid":{"rendered":"https:\/\/ww.exsymol.com\/?page_id=18"},"modified":"2024-05-21T13:27:47","modified_gmt":"2024-05-21T11:27:47","slug":"la-marque-exsymol","status":"publish","type":"page","link":"https:\/\/www.exsymol.com\/fr\/la-marque-exsymol\/","title":{"rendered":"La marque EXSYMOL"},"content":{"rendered":"\n<h3 class=\"wp-block-heading has-text-align-center\">D\u2019o\u00f9 viennent les produits ?<\/h3>\n\n\n\n<p class=\"has-text-align-center\">C\u2019est dans la zone industrielle de Monaco, en bordure de cet \u00e9tat souverain de 2 km2 qu\u2019EXSYMOL con\u00e7oit, \u00e9value et fabrique ses principes actifs.<\/p>\n\n\n\n<h3 class=\"wp-block-heading has-text-align-center\">O\u00f9 vont les produits?<\/h3>\n\n\n\n<p class=\"has-text-align-center\">Les actifs entrent dans la composition de millions de produits cosm\u00e9tiques.<\/p>\n\n\n\n<h3 class=\"wp-block-heading has-text-align-center\">Un savoir-faire dans le respect des standards internationaux<\/h3>\n\n\n\n<p class=\"has-text-align-center\">La ma\u00eetrise de la globalit\u00e9 de la supply chain permet \u00e0 EXSYMOL de produire ses ingr\u00e9dients actifs par lots de 50 kg \u00e0 5 tonnes selon la m\u00eame rigueur dans le respect des normes et standards internationaux : ISO, GMP-ci, ecovadis.<\/p>\n\n\n\n<div class=\"wp-block-group is-content-justification-center is-nowrap is-layout-flex wp-container-core-group-is-layout-1 wp-block-group-is-layout-flex\">\n<figure class=\"wp-block-image is-resized\"><img loading=\"lazy\" decoding=\"async\" width=\"223\" height=\"215\" src=\"https:\/\/www.exsymol.com\/wp-content\/uploads\/2019\/02\/img22.jpg\" alt=\"\" class=\"wp-image-609\" style=\"width:167px;height:161px\"\/><\/figure>\n\n\n\n<figure class=\"wp-block-image size-thumbnail\"><img loading=\"lazy\" decoding=\"async\" width=\"150\" height=\"150\" src=\"https:\/\/www.exsymol.com\/wp-content\/uploads\/2024\/05\/Ecovadis_Gold_2024-150x150.png\" alt=\"\" class=\"wp-image-10286\" srcset=\"https:\/\/www.exsymol.com\/wp-content\/uploads\/2024\/05\/Ecovadis_Gold_2024-150x150.png 150w, https:\/\/www.exsymol.com\/wp-content\/uploads\/2024\/05\/Ecovadis_Gold_2024-300x300.png 300w, https:\/\/www.exsymol.com\/wp-content\/uploads\/2024\/05\/Ecovadis_Gold_2024-768x768.png 768w, https:\/\/www.exsymol.com\/wp-content\/uploads\/2024\/05\/Ecovadis_Gold_2024.png 800w\" sizes=\"auto, (max-width: 150px) 100vw, 150px\" \/><\/figure>\n<\/div>\n\n\n\n<div class=\"wp-block-media-text alignwide is-stacked-on-mobile\"><figure class=\"wp-block-media-text__media\"><img decoding=\"async\" src=\"https:\/\/www.exsymol.com\/wp-content\/uploads\/2019\/02\/Img-Mag.jpg\" alt=\"\" class=\"wp-image-3878 size-full\"\/><\/figure><div class=\"wp-block-media-text__content\">\n<h3 class=\"wp-block-heading\" id=\"mce_31\">Un acteur majeur de l\u2019\u00e9conomie mon\u00e9gasque<\/h3>\n\n\n\n<p>Fleuron de l\u2019\u00e9conomie mon\u00e9gasque depuis 1972, EXSYMOL repose sur certains piliers fondamentaux: son ind\u00e9pendance, sa p\u00e9rennit\u00e9, son int\u00e9gration au c\u0153ur d\u2019un environnement urbain et la suret\u00e9 de ses installations.<br>Les strat\u00e9gies de d\u00e9veloppement d\u2019EXSYMOL furent r\u00e9compens\u00e9es en 2015 par le prix du D\u00e9veloppement Durable re\u00e7u de la main de S.A.S le Prince Albert II de Monaco. <\/p>\n<\/div><\/div>\n\n\n\n<div class=\"wp-block-media-text alignwide has-media-on-the-right\"><div class=\"wp-block-media-text__content\">\n<h3 class=\"wp-block-heading\" id=\"mce_42\">Naturellement tourn\u00e9 vers l\u2019international<\/h3>\n\n\n\n<p><strong>La recherche d\u2019excellence, d\u2019innovation et de savoir-faire alternatif a pouss\u00e9 EXSYMOL \u00e0 se tourner vers l\u2019international<\/strong> et \u00e0 \u00e9tablir des collaborations pour enrichir son expertise scientifique et sa connaissance des besoins du march\u00e9.<br>\u00c0 l\u2019image d\u2019une approche scientifique visionnaire, EXSYMOL a, d\u00e8s 1974, recherch\u00e9 \u00e0 travers le monde une vingtaine de distributeurs pour \u00e9tablir une coop\u00e9ration allant bien au-del\u00e0 du simple principe de distribution.<br>EXSYMOL a donc \u00e9t\u00e9 pionnier et un acteur majeur sur des secteurs \u00e9mergents tels que la Chine, l\u2019Inde et l\u2019Am\u00e9rique latine simultan\u00e9ment \u00e0 la croissance de sa r\u00e9putation sur des march\u00e9s matures tels que la France et les \u00c9tats-Unis.<br>Plus de 75% de nos distributeurs sont issus de cette vague pr\u00e9coce de coop\u00e9rations internationales. Ils repr\u00e9sentent Exsymol et font la promotion de nos produits dans plus de 35 pays \u00e0 travers le monde. Ils sont devenus de v\u00e9ritables partenaires au cours des ans. Form\u00e9s et r\u00e9actifs, ils vous proposent les solutions de notre catalogue les plus  adapt\u00e9es \u00e0 vos besoins. <\/p>\n<\/div><figure class=\"wp-block-media-text__media\"><img loading=\"lazy\" decoding=\"async\" width=\"553\" height=\"752\" src=\"https:\/\/www.exsymol.com\/wp-content\/uploads\/2019\/02\/AdobeStock_164972173.jpg\" alt=\"\" class=\"wp-image-3902 size-full\" srcset=\"https:\/\/www.exsymol.com\/wp-content\/uploads\/2019\/02\/AdobeStock_164972173.jpg 553w, https:\/\/www.exsymol.com\/wp-content\/uploads\/2019\/02\/AdobeStock_164972173-221x300.jpg 221w\" sizes=\"auto, (max-width: 553px) 100vw, 553px\" \/><\/figure><\/div>\n","protected":false},"excerpt":{"rendered":"D\u2019o\u00f9 viennent les produits ? C\u2019est dans la zone industrielle de Monaco, en bordure de cet \u00e9tat souverain de 2 km2 qu\u2019EXSYMOL con\u00e7oit, \u00e9value et fabrique ses principes actifs. O\u00f9 vont les produits? Les actifs entrent dans la composition de millions de produits cosm\u00e9tiques. Un savoir-faire dans le respect des standards internationaux La ma\u00eetrise de&#8230; <a class=\"view-article\" href=\"https:\/\/www.exsymol.com\/fr\/la-marque-exsymol\/\">Voir l&rsquo;article<\/a>","protected":false},"author":328,"featured_media":0,"parent":0,"menu_order":0,"comment_status":"closed","ping_status":"closed","template":"page-la-marque.php","meta":{"_acf_changed":false,"footnotes":""},"class_list":["post-18","page","type-page","status-publish","hentry"],"acf":[],"yoast_head":"<!-- This site is optimized with the Yoast SEO plugin v26.8 - https:\/\/yoast.com\/product\/yoast-seo-wordpress\/ -->\n<title>La marque EXSYMOL - Exsymol<\/title>\n<meta name=\"robots\" content=\"index, follow, max-snippet:-1, max-image-preview:large, max-video-preview:-1\" \/>\n<link rel=\"canonical\" href=\"https:\/\/www.exsymol.com\/fr\/la-marque-exsymol\/\" \/>\n<meta property=\"og:locale\" content=\"fr_FR\" \/>\n<meta property=\"og:type\" content=\"article\" \/>\n<meta property=\"og:title\" content=\"La marque EXSYMOL - Exsymol\" \/>\n<meta property=\"og:description\" content=\"D\u2019o\u00f9 viennent les produits ? C\u2019est dans la zone industrielle de Monaco, en bordure de cet \u00e9tat souverain de 2 km2 qu\u2019EXSYMOL con\u00e7oit, \u00e9value et fabrique ses principes actifs. O\u00f9 vont les produits? Les actifs entrent dans la composition de millions de produits cosm\u00e9tiques. Un savoir-faire dans le respect des standards internationaux La ma\u00eetrise de... Voir l&#039;article\" \/>\n<meta property=\"og:url\" content=\"https:\/\/www.exsymol.com\/fr\/la-marque-exsymol\/\" \/>\n<meta property=\"og:site_name\" content=\"Exsymol\" \/>\n<meta property=\"article:modified_time\" content=\"2024-05-21T11:27:47+00:00\" \/>\n<meta property=\"og:image\" content=\"https:\/\/www.exsymol.com\/wp-content\/uploads\/2019\/02\/img22.jpg\" \/>\n<meta name=\"twitter:card\" content=\"summary_large_image\" \/>\n<meta name=\"twitter:label1\" content=\"Dur\u00e9e de lecture estim\u00e9e\" \/>\n\t<meta name=\"twitter:data1\" content=\"3 minutes\" \/>\n<script type=\"application\/ld+json\" class=\"yoast-schema-graph\">{\"@context\":\"https:\/\/schema.org\",\"@graph\":[{\"@type\":\"WebPage\",\"@id\":\"https:\/\/www.exsymol.com\/fr\/la-marque-exsymol\/\",\"url\":\"https:\/\/www.exsymol.com\/fr\/la-marque-exsymol\/\",\"name\":\"La marque EXSYMOL - Exsymol\",\"isPartOf\":{\"@id\":\"https:\/\/www.exsymol.com\/en\/#website\"},\"primaryImageOfPage\":{\"@id\":\"https:\/\/www.exsymol.com\/fr\/la-marque-exsymol\/#primaryimage\"},\"image\":{\"@id\":\"https:\/\/www.exsymol.com\/fr\/la-marque-exsymol\/#primaryimage\"},\"thumbnailUrl\":\"https:\/\/www.exsymol.com\/wp-content\/uploads\/2019\/02\/img22.jpg\",\"datePublished\":\"2019-02-01T06:12:34+00:00\",\"dateModified\":\"2024-05-21T11:27:47+00:00\",\"breadcrumb\":{\"@id\":\"https:\/\/www.exsymol.com\/fr\/la-marque-exsymol\/#breadcrumb\"},\"inLanguage\":\"fr-FR\",\"potentialAction\":[{\"@type\":\"ReadAction\",\"target\":[\"https:\/\/www.exsymol.com\/fr\/la-marque-exsymol\/\"]}]},{\"@type\":\"ImageObject\",\"inLanguage\":\"fr-FR\",\"@id\":\"https:\/\/www.exsymol.com\/fr\/la-marque-exsymol\/#primaryimage\",\"url\":\"https:\/\/www.exsymol.com\/wp-content\/uploads\/2019\/02\/img22.jpg\",\"contentUrl\":\"https:\/\/www.exsymol.com\/wp-content\/uploads\/2019\/02\/img22.jpg\"},{\"@type\":\"BreadcrumbList\",\"@id\":\"https:\/\/www.exsymol.com\/fr\/la-marque-exsymol\/#breadcrumb\",\"itemListElement\":[{\"@type\":\"ListItem\",\"position\":1,\"name\":\"Accueil\",\"item\":\"https:\/\/www.exsymol.com\/fr\/\"},{\"@type\":\"ListItem\",\"position\":2,\"name\":\"La marque EXSYMOL\"}]},{\"@type\":\"WebSite\",\"@id\":\"https:\/\/www.exsymol.com\/en\/#website\",\"url\":\"https:\/\/www.exsymol.com\/en\/\",\"name\":\"Exsymol\",\"description\":\"Designer d&#039;ingr\u00e9dients actifs\",\"potentialAction\":[{\"@type\":\"SearchAction\",\"target\":{\"@type\":\"EntryPoint\",\"urlTemplate\":\"https:\/\/www.exsymol.com\/en\/?s={search_term_string}\"},\"query-input\":{\"@type\":\"PropertyValueSpecification\",\"valueRequired\":true,\"valueName\":\"search_term_string\"}}],\"inLanguage\":\"fr-FR\"}]}<\/script>\n<!-- \/ Yoast SEO plugin. -->","yoast_head_json":{"title":"La marque EXSYMOL - Exsymol","robots":{"index":"index","follow":"follow","max-snippet":"max-snippet:-1","max-image-preview":"max-image-preview:large","max-video-preview":"max-video-preview:-1"},"canonical":"https:\/\/www.exsymol.com\/fr\/la-marque-exsymol\/","og_locale":"fr_FR","og_type":"article","og_title":"La marque EXSYMOL - Exsymol","og_description":"D\u2019o\u00f9 viennent les produits ? C\u2019est dans la zone industrielle de Monaco, en bordure de cet \u00e9tat souverain de 2 km2 qu\u2019EXSYMOL con\u00e7oit, \u00e9value et fabrique ses principes actifs. O\u00f9 vont les produits? Les actifs entrent dans la composition de millions de produits cosm\u00e9tiques. Un savoir-faire dans le respect des standards internationaux La ma\u00eetrise de... Voir l'article","og_url":"https:\/\/www.exsymol.com\/fr\/la-marque-exsymol\/","og_site_name":"Exsymol","article_modified_time":"2024-05-21T11:27:47+00:00","og_image":[{"url":"https:\/\/www.exsymol.com\/wp-content\/uploads\/2019\/02\/img22.jpg","type":"","width":"","height":""}],"twitter_card":"summary_large_image","twitter_misc":{"Dur\u00e9e de lecture estim\u00e9e":"3 minutes"},"schema":{"@context":"https:\/\/schema.org","@graph":[{"@type":"WebPage","@id":"https:\/\/www.exsymol.com\/fr\/la-marque-exsymol\/","url":"https:\/\/www.exsymol.com\/fr\/la-marque-exsymol\/","name":"La marque EXSYMOL - Exsymol","isPartOf":{"@id":"https:\/\/www.exsymol.com\/en\/#website"},"primaryImageOfPage":{"@id":"https:\/\/www.exsymol.com\/fr\/la-marque-exsymol\/#primaryimage"},"image":{"@id":"https:\/\/www.exsymol.com\/fr\/la-marque-exsymol\/#primaryimage"},"thumbnailUrl":"https:\/\/www.exsymol.com\/wp-content\/uploads\/2019\/02\/img22.jpg","datePublished":"2019-02-01T06:12:34+00:00","dateModified":"2024-05-21T11:27:47+00:00","breadcrumb":{"@id":"https:\/\/www.exsymol.com\/fr\/la-marque-exsymol\/#breadcrumb"},"inLanguage":"fr-FR","potentialAction":[{"@type":"ReadAction","target":["https:\/\/www.exsymol.com\/fr\/la-marque-exsymol\/"]}]},{"@type":"ImageObject","inLanguage":"fr-FR","@id":"https:\/\/www.exsymol.com\/fr\/la-marque-exsymol\/#primaryimage","url":"https:\/\/www.exsymol.com\/wp-content\/uploads\/2019\/02\/img22.jpg","contentUrl":"https:\/\/www.exsymol.com\/wp-content\/uploads\/2019\/02\/img22.jpg"},{"@type":"BreadcrumbList","@id":"https:\/\/www.exsymol.com\/fr\/la-marque-exsymol\/#breadcrumb","itemListElement":[{"@type":"ListItem","position":1,"name":"Accueil","item":"https:\/\/www.exsymol.com\/fr\/"},{"@type":"ListItem","position":2,"name":"La marque EXSYMOL"}]},{"@type":"WebSite","@id":"https:\/\/www.exsymol.com\/en\/#website","url":"https:\/\/www.exsymol.com\/en\/","name":"Exsymol","description":"Designer d&#039;ingr\u00e9dients actifs","potentialAction":[{"@type":"SearchAction","target":{"@type":"EntryPoint","urlTemplate":"https:\/\/www.exsymol.com\/en\/?s={search_term_string}"},"query-input":{"@type":"PropertyValueSpecification","valueRequired":true,"valueName":"search_term_string"}}],"inLanguage":"fr-FR"}]}},"_links":{"self":[{"href":"https:\/\/www.exsymol.com\/fr\/wp-json\/wp\/v2\/pages\/18\/"}],"collection":[{"href":"https:\/\/www.exsymol.com\/fr\/wp-json\/wp\/v2\/pages\/"}],"about":[{"href":"https:\/\/www.exsymol.com\/fr\/wp-json\/wp\/v2\/types\/page\/"}],"author":[{"embeddable":true,"href":"https:\/\/www.exsymol.com\/fr\/wp-json\/wp\/v2\/users\/328\/"}],"replies":[{"embeddable":true,"href":"https:\/\/www.exsymol.com\/fr\/wp-json\/wp\/v2\/comments\/?post=18"}],"version-history":[{"count":12,"href":"https:\/\/www.exsymol.com\/fr\/wp-json\/wp\/v2\/pages\/18\/revisions\/"}],"predecessor-version":[{"id":10289,"href":"https:\/\/www.exsymol.com\/fr\/wp-json\/wp\/v2\/pages\/18\/revisions\/10289\/"}],"wp:attachment":[{"href":"https:\/\/www.exsymol.com\/fr\/wp-json\/wp\/v2\/media\/?parent=18"}],"curies":[{"name":"wp","href":"https:\/\/api.w.org\/{rel}","templated":true}]}}