{"id":22,"date":"2019-02-01T06:13:39","date_gmt":"2019-02-01T06:13:39","guid":{"rendered":"https:\/\/www.exsymol.com\/?page_id=22"},"modified":"2023-12-13T09:20:31","modified_gmt":"2023-12-13T08:20:31","slug":"designer-dactifs-cosmetiques","status":"publish","type":"page","link":"https:\/\/www.exsymol.com\/fr\/designer-dactifs-cosmetiques\/","title":{"rendered":"Designer d\u2019actifs cosm\u00e9tiques"},"content":{"rendered":"\n<h3 class=\"wp-block-heading\" style=\"text-align:center\"><strong><span style=\"color:#202764\" class=\"tadv-color\">La d\u00e9finition d\u2019EXSYMOL <\/span><\/strong><\/h3>\n\n\n\r\n<div class=\"c-content-middle\">\r\n   <p><span style=\"color: #202764\"><strong><span style=\"color: #d3aa0b\"> EX<\/span> &#8211; <span style=\"color: #d3aa0b\">EX<\/span>traction d\u2019id\u00e9es innovantes de la nature<\/strong><\/span><br \/><span style=\"color: #202764\"><strong><span style=\"color: #d3aa0b\">SY<\/span> &#8211; <span style=\"color: #d3aa0b\">SY<\/span>nth\u00e8se biomim\u00e9tique reproduisant les mol\u00e9cules naturelles<\/strong><\/span><br \/><span style=\"color: #202764\"><strong><span style=\"color: #d3aa0b\">MOL<\/span> &#8211; Etude <span style=\"color: #d3aa0b\">MOL<\/span>\u00e9culaire des m\u00e9canismes des actifs mis en jeu<\/strong> <\/span><\/p>\n<\/div>\n\n\n<p>C\u2019est au cours des ann\u00e9es 60 que l\u2019histoire d\u2019Exsymol a germ\u00e9 dans le cerveau d\u2019un des futurs fondateurs. Jean Gueyne, pharmacien chercheur \u00e0 l\u2019Universit\u00e9 de Bordeaux comprenait toutes les perspectives qu\u2019offraient les propri\u00e9t\u00e9s du silicium organique. <\/p>\n\n\n\n<div class=\"wp-block-image\"><figure class=\"aligncenter\"><img decoding=\"async\" src=\"https:\/\/www.exsymol.com\/wp-content\/uploads\/2019\/02\/shutterstock_1163864584.jpg\" alt=\"\" class=\"wp-image-617\"\/><\/figure><\/div>\n\n\n\n<div class=\"wp-block-media-text alignwide has-media-on-the-right\"><figure class=\"wp-block-media-text__media\"><img loading=\"lazy\" decoding=\"async\" width=\"570\" height=\"395\" src=\"https:\/\/www.exsymol.com\/wp-content\/uploads\/2019\/03\/shutterstock_560320546-1.jpg\" alt=\"\" class=\"wp-image-4411\" srcset=\"https:\/\/www.exsymol.com\/wp-content\/uploads\/2019\/03\/shutterstock_560320546-1.jpg 570w, https:\/\/www.exsymol.com\/wp-content\/uploads\/2019\/03\/shutterstock_560320546-1-300x208.jpg 300w\" sizes=\"auto, (max-width: 570px) 100vw, 570px\" \/><\/figure><div class=\"wp-block-media-text__content\">\n<p>Il a fallu plusieurs ann\u00e9es de recherche pour vaincre les contraintes physico-chimiques du silicium organique et pouvoir \u00e9baucher la premi\u00e8re forme stable et biodisponible.<br>Ces formes actives ont d\u2019abord trouv\u00e9 leurs applications en tant que sp\u00e9cialit\u00e9s pharmaceutiques, notamment dans des collyres ou pour le traitement de pathologies du tissu conjonctif (comme l\u2019arthrose, l\u2019ath\u00e9roscl\u00e9rose ou l\u2019ost\u00e9oporose).<br>C\u2019est par la suite que des marques de cosm\u00e9tique active, comme Biotherm dont le centre de recherche s\u2019est implant\u00e9 \u00e0 Monaco au d\u00e9but des ann\u00e9es 70, se sont int\u00e9ress\u00e9es au silicium organique pour ses bienfaits sur un tissu conjonctif particulier: la peau.  <\/p>\n<\/div><\/div>\n\n\n\n<div class=\"wp-block-media-text alignwide\"><figure class=\"wp-block-media-text__media\"><img loading=\"lazy\" decoding=\"async\" width=\"570\" height=\"388\" src=\"https:\/\/www.exsymol.com\/wp-content\/uploads\/2019\/03\/shutterstock_1028067043.jpg\" alt=\"\" class=\"wp-image-4401\" srcset=\"https:\/\/www.exsymol.com\/wp-content\/uploads\/2019\/03\/shutterstock_1028067043.jpg 570w, https:\/\/www.exsymol.com\/wp-content\/uploads\/2019\/03\/shutterstock_1028067043-300x204.jpg 300w\" sizes=\"auto, (max-width: 570px) 100vw, 570px\" \/><\/figure><div class=\"wp-block-media-text__content\">\n<h3 class=\"wp-block-heading\"><span style=\"color:#202764\" class=\"tadv-color\">Cr\u00e9ation d\u2019un concept<\/span><\/h3>\n\n\n\n<p>Jean Gueyne et Marie-Christine Seguin, fondateurs visionnaires d\u2019EXSYMOL  ont su voir toute l\u2019opportunit\u00e9 et l\u2019impact que pouvait avoir le silicium organique et plus g\u00e9n\u00e9ralement la cosm\u00e9tique active et traitante dans le paysage de la beaut\u00e9.<br>EXSYMOL est donc fond\u00e9 en 1972 \u00e0 Monaco pour incarner une cosm\u00e9tique qui ne se limite pas \u00e0 une approche d\u00e9corative mais une cosm\u00e9tique traitante. <\/p>\n<\/div><\/div>\n\n\n\n<div class=\"wp-block-media-text alignwide has-media-on-the-right\"><figure class=\"wp-block-media-text__media\"><img loading=\"lazy\" decoding=\"async\" width=\"570\" height=\"388\" src=\"https:\/\/www.exsymol.com\/wp-content\/uploads\/2019\/03\/shutterstock_691541086-2.jpg\" alt=\"\" class=\"wp-image-4403\" srcset=\"https:\/\/www.exsymol.com\/wp-content\/uploads\/2019\/03\/shutterstock_691541086-2.jpg 570w, https:\/\/www.exsymol.com\/wp-content\/uploads\/2019\/03\/shutterstock_691541086-2-300x204.jpg 300w\" sizes=\"auto, (max-width: 570px) 100vw, 570px\" \/><\/figure><div class=\"wp-block-media-text__content\">\n<h3 class=\"wp-block-heading\" id=\"mce_43\"><span style=\"color:#202764\" class=\"tadv-color\">Conception d\u2019un savoir-faire<\/span><\/h3>\n\n\n\n<p>EXSYMOL \u00e9tudie alors le fonctionnement de la peau et participe \u00e0 des congr\u00e8s scientifiques internationaux. Fort d\u2019une connaissance pouss\u00e9e du tissu conjonctif et ayant \u00e0 disposition la technologie du silicium organique, EXSYMOL r\u00e9volutionne l\u2019approche cosm\u00e9tique et place le bien \u00eatre de la peau au centre des d\u00e9bats.  <\/p>\n<\/div><\/div>\n\n\n\n<div class=\"wp-block-media-text alignwide\"><figure class=\"wp-block-media-text__media\"><img loading=\"lazy\" decoding=\"async\" width=\"570\" height=\"388\" src=\"https:\/\/www.exsymol.com\/wp-content\/uploads\/2019\/03\/shutterstock_128456363-2.jpg\" alt=\"\" class=\"wp-image-4405\" srcset=\"https:\/\/www.exsymol.com\/wp-content\/uploads\/2019\/03\/shutterstock_128456363-2.jpg 570w, https:\/\/www.exsymol.com\/wp-content\/uploads\/2019\/03\/shutterstock_128456363-2-300x204.jpg 300w\" sizes=\"auto, (max-width: 570px) 100vw, 570px\" \/><\/figure><div class=\"wp-block-media-text__content\">\n<h3 class=\"wp-block-heading\" id=\"mce_53\"><span style=\"color:#202764\" class=\"tadv-color\">Naissance d\u2019une gamme d\u2019ingr\u00e9dients <br>actifs: les SILANOLS<\/span><\/h3>\n\n\n\n<p>Une double expertise en pharmaceutique et en chimie a permis de stabiliser le silicium organique avec de nombreux actifs largement reconnus par les dermatologues, les m\u00e9decins esth\u00e9tiques, et autres sp\u00e9cialistes de la peau.<br>Les SILANOLS forment d\u00e9sormais une famille d\u2019actifs incontournables avec plus de 25 r\u00e9f\u00e9rences aux m\u00e9canismes d\u2019action uniques sur le march\u00e9  <\/p>\n<\/div><\/div>\n\n\n\n<div class=\"wp-block-media-text alignwide has-media-on-the-right\"><figure class=\"wp-block-media-text__media\"><img loading=\"lazy\" decoding=\"async\" width=\"570\" height=\"388\" src=\"https:\/\/www.exsymol.com\/wp-content\/uploads\/2019\/03\/IMG-2.jpg\" alt=\"\" class=\"wp-image-4407\" srcset=\"https:\/\/www.exsymol.com\/wp-content\/uploads\/2019\/03\/IMG-2.jpg 570w, https:\/\/www.exsymol.com\/wp-content\/uploads\/2019\/03\/IMG-2-300x204.jpg 300w\" sizes=\"auto, (max-width: 570px) 100vw, 570px\" \/><\/figure><div class=\"wp-block-media-text__content\">\n<h3 class=\"wp-block-heading\" id=\"mce_53\"><span style=\"color:#202764\" class=\"tadv-color\">L\u2019expertise EXSYMOL d\u00e9di\u00e9e \u00e0 l\u2019optimisation des extraits naturels et des peptides<\/span> <\/h3>\n\n\n\n<p>Pourquoi se limiter \u00e0 notre propre famille d\u2019actifs? \u00c0 l\u2019\u00e9coute des besoins vari\u00e9s de ses clients, EXSYMOL a appliqu\u00e9 la m\u00eame rigueur \u00e0 l\u2019optimisation de peptides et d\u2019actifs naturels pour fournir des r\u00e9ponses pertinentes aux besoins de la peau.    <\/p>\n<\/div><\/div>\n\n\n\n<div class=\"wp-block-media-text alignwide\"><figure class=\"wp-block-media-text__media\"><img loading=\"lazy\" decoding=\"async\" width=\"570\" height=\"388\" src=\"https:\/\/www.exsymol.com\/wp-content\/uploads\/2019\/03\/shutterstock_1105116686-2.jpg\" alt=\"\" class=\"wp-image-4409\" srcset=\"https:\/\/www.exsymol.com\/wp-content\/uploads\/2019\/03\/shutterstock_1105116686-2.jpg 570w, https:\/\/www.exsymol.com\/wp-content\/uploads\/2019\/03\/shutterstock_1105116686-2-300x204.jpg 300w\" sizes=\"auto, (max-width: 570px) 100vw, 570px\" \/><\/figure><div class=\"wp-block-media-text__content\">\n<h3 class=\"wp-block-heading\" id=\"mce_53\"><span style=\"color:#202764\" class=\"tadv-color\">Des actifs cosm\u00e9tiques au service de la peau<\/span>  <\/h3>\n\n\n\n<p>Notre expertise en biologie cutan\u00e9e et notre savoir-faire allant de la conception \u00e0 la fabrication de nos principes actifs n\u2019ont qu\u2019une seule finalit\u00e9: proposer des solutions scientifiques \u00e0 la jeunesse et au bien-\u00eatre de la peau.   <\/p>\n<\/div><\/div>\n","protected":false},"excerpt":{"rendered":"La d\u00e9finition d\u2019EXSYMOL C\u2019est au cours des ann\u00e9es 60 que l\u2019histoire d\u2019Exsymol a germ\u00e9 dans le cerveau d\u2019un des futurs fondateurs. Jean Gueyne, pharmacien chercheur \u00e0 l\u2019Universit\u00e9 de Bordeaux comprenait toutes les perspectives qu\u2019offraient les propri\u00e9t\u00e9s du silicium organique. Il a fallu plusieurs ann\u00e9es de recherche pour vaincre les contraintes physico-chimiques du silicium organique et&#8230; <a class=\"view-article\" href=\"https:\/\/www.exsymol.com\/fr\/designer-dactifs-cosmetiques\/\">Voir l&rsquo;article<\/a>","protected":false},"author":328,"featured_media":0,"parent":0,"menu_order":0,"comment_status":"closed","ping_status":"closed","template":"page-designer-dactifs-cosmetiques.php","meta":{"_acf_changed":false,"footnotes":""},"class_list":["post-22","page","type-page","status-publish","hentry"],"acf":[],"yoast_head":"<!-- This site is optimized with the Yoast SEO plugin v26.8 - https:\/\/yoast.com\/product\/yoast-seo-wordpress\/ -->\n<title>Designer d\u2019actifs cosm\u00e9tiques - Exsymol<\/title>\n<meta name=\"robots\" content=\"index, follow, max-snippet:-1, max-image-preview:large, max-video-preview:-1\" \/>\n<link rel=\"canonical\" href=\"https:\/\/www.exsymol.com\/fr\/designer-dactifs-cosmetiques\/\" \/>\n<meta property=\"og:locale\" content=\"fr_FR\" \/>\n<meta property=\"og:type\" content=\"article\" \/>\n<meta property=\"og:title\" content=\"Designer d\u2019actifs cosm\u00e9tiques - Exsymol\" \/>\n<meta property=\"og:description\" content=\"La d\u00e9finition d\u2019EXSYMOL C\u2019est au cours des ann\u00e9es 60 que l\u2019histoire d\u2019Exsymol a germ\u00e9 dans le cerveau d\u2019un des futurs fondateurs. Jean Gueyne, pharmacien chercheur \u00e0 l\u2019Universit\u00e9 de Bordeaux comprenait toutes les perspectives qu\u2019offraient les propri\u00e9t\u00e9s du silicium organique. Il a fallu plusieurs ann\u00e9es de recherche pour vaincre les contraintes physico-chimiques du silicium organique et... Voir l&#039;article\" \/>\n<meta property=\"og:url\" content=\"https:\/\/www.exsymol.com\/fr\/designer-dactifs-cosmetiques\/\" \/>\n<meta property=\"og:site_name\" content=\"Exsymol\" \/>\n<meta property=\"article:modified_time\" content=\"2023-12-13T08:20:31+00:00\" \/>\n<meta property=\"og:image\" content=\"https:\/\/www.exsymol.com\/wp-content\/uploads\/2019\/02\/shutterstock_1163864584.jpg\" \/>\n<meta name=\"twitter:card\" content=\"summary_large_image\" \/>\n<meta name=\"twitter:label1\" content=\"Dur\u00e9e de lecture estim\u00e9e\" \/>\n\t<meta name=\"twitter:data1\" content=\"2 minutes\" \/>\n<script type=\"application\/ld+json\" class=\"yoast-schema-graph\">{\"@context\":\"https:\/\/schema.org\",\"@graph\":[{\"@type\":\"WebPage\",\"@id\":\"https:\/\/www.exsymol.com\/fr\/designer-dactifs-cosmetiques\/\",\"url\":\"https:\/\/www.exsymol.com\/fr\/designer-dactifs-cosmetiques\/\",\"name\":\"Designer d\u2019actifs cosm\u00e9tiques - Exsymol\",\"isPartOf\":{\"@id\":\"https:\/\/www.exsymol.com\/en\/#website\"},\"primaryImageOfPage\":{\"@id\":\"https:\/\/www.exsymol.com\/fr\/designer-dactifs-cosmetiques\/#primaryimage\"},\"image\":{\"@id\":\"https:\/\/www.exsymol.com\/fr\/designer-dactifs-cosmetiques\/#primaryimage\"},\"thumbnailUrl\":\"https:\/\/www.exsymol.com\/wp-content\/uploads\/2019\/02\/shutterstock_1163864584.jpg\",\"datePublished\":\"2019-02-01T06:13:39+00:00\",\"dateModified\":\"2023-12-13T08:20:31+00:00\",\"breadcrumb\":{\"@id\":\"https:\/\/www.exsymol.com\/fr\/designer-dactifs-cosmetiques\/#breadcrumb\"},\"inLanguage\":\"fr-FR\",\"potentialAction\":[{\"@type\":\"ReadAction\",\"target\":[\"https:\/\/www.exsymol.com\/fr\/designer-dactifs-cosmetiques\/\"]}]},{\"@type\":\"ImageObject\",\"inLanguage\":\"fr-FR\",\"@id\":\"https:\/\/www.exsymol.com\/fr\/designer-dactifs-cosmetiques\/#primaryimage\",\"url\":\"https:\/\/www.exsymol.com\/wp-content\/uploads\/2019\/02\/shutterstock_1163864584.jpg\",\"contentUrl\":\"https:\/\/www.exsymol.com\/wp-content\/uploads\/2019\/02\/shutterstock_1163864584.jpg\"},{\"@type\":\"BreadcrumbList\",\"@id\":\"https:\/\/www.exsymol.com\/fr\/designer-dactifs-cosmetiques\/#breadcrumb\",\"itemListElement\":[{\"@type\":\"ListItem\",\"position\":1,\"name\":\"Accueil\",\"item\":\"https:\/\/www.exsymol.com\/fr\/\"},{\"@type\":\"ListItem\",\"position\":2,\"name\":\"Designer d\u2019actifs cosm\u00e9tiques\"}]},{\"@type\":\"WebSite\",\"@id\":\"https:\/\/www.exsymol.com\/en\/#website\",\"url\":\"https:\/\/www.exsymol.com\/en\/\",\"name\":\"Exsymol\",\"description\":\"Designer d&#039;ingr\u00e9dients actifs\",\"potentialAction\":[{\"@type\":\"SearchAction\",\"target\":{\"@type\":\"EntryPoint\",\"urlTemplate\":\"https:\/\/www.exsymol.com\/en\/?s={search_term_string}\"},\"query-input\":{\"@type\":\"PropertyValueSpecification\",\"valueRequired\":true,\"valueName\":\"search_term_string\"}}],\"inLanguage\":\"fr-FR\"}]}<\/script>\n<!-- \/ Yoast SEO plugin. -->","yoast_head_json":{"title":"Designer d\u2019actifs cosm\u00e9tiques - Exsymol","robots":{"index":"index","follow":"follow","max-snippet":"max-snippet:-1","max-image-preview":"max-image-preview:large","max-video-preview":"max-video-preview:-1"},"canonical":"https:\/\/www.exsymol.com\/fr\/designer-dactifs-cosmetiques\/","og_locale":"fr_FR","og_type":"article","og_title":"Designer d\u2019actifs cosm\u00e9tiques - Exsymol","og_description":"La d\u00e9finition d\u2019EXSYMOL C\u2019est au cours des ann\u00e9es 60 que l\u2019histoire d\u2019Exsymol a germ\u00e9 dans le cerveau d\u2019un des futurs fondateurs. Jean Gueyne, pharmacien chercheur \u00e0 l\u2019Universit\u00e9 de Bordeaux comprenait toutes les perspectives qu\u2019offraient les propri\u00e9t\u00e9s du silicium organique. Il a fallu plusieurs ann\u00e9es de recherche pour vaincre les contraintes physico-chimiques du silicium organique et... Voir l'article","og_url":"https:\/\/www.exsymol.com\/fr\/designer-dactifs-cosmetiques\/","og_site_name":"Exsymol","article_modified_time":"2023-12-13T08:20:31+00:00","og_image":[{"url":"https:\/\/www.exsymol.com\/wp-content\/uploads\/2019\/02\/shutterstock_1163864584.jpg","type":"","width":"","height":""}],"twitter_card":"summary_large_image","twitter_misc":{"Dur\u00e9e de lecture estim\u00e9e":"2 minutes"},"schema":{"@context":"https:\/\/schema.org","@graph":[{"@type":"WebPage","@id":"https:\/\/www.exsymol.com\/fr\/designer-dactifs-cosmetiques\/","url":"https:\/\/www.exsymol.com\/fr\/designer-dactifs-cosmetiques\/","name":"Designer d\u2019actifs cosm\u00e9tiques - Exsymol","isPartOf":{"@id":"https:\/\/www.exsymol.com\/en\/#website"},"primaryImageOfPage":{"@id":"https:\/\/www.exsymol.com\/fr\/designer-dactifs-cosmetiques\/#primaryimage"},"image":{"@id":"https:\/\/www.exsymol.com\/fr\/designer-dactifs-cosmetiques\/#primaryimage"},"thumbnailUrl":"https:\/\/www.exsymol.com\/wp-content\/uploads\/2019\/02\/shutterstock_1163864584.jpg","datePublished":"2019-02-01T06:13:39+00:00","dateModified":"2023-12-13T08:20:31+00:00","breadcrumb":{"@id":"https:\/\/www.exsymol.com\/fr\/designer-dactifs-cosmetiques\/#breadcrumb"},"inLanguage":"fr-FR","potentialAction":[{"@type":"ReadAction","target":["https:\/\/www.exsymol.com\/fr\/designer-dactifs-cosmetiques\/"]}]},{"@type":"ImageObject","inLanguage":"fr-FR","@id":"https:\/\/www.exsymol.com\/fr\/designer-dactifs-cosmetiques\/#primaryimage","url":"https:\/\/www.exsymol.com\/wp-content\/uploads\/2019\/02\/shutterstock_1163864584.jpg","contentUrl":"https:\/\/www.exsymol.com\/wp-content\/uploads\/2019\/02\/shutterstock_1163864584.jpg"},{"@type":"BreadcrumbList","@id":"https:\/\/www.exsymol.com\/fr\/designer-dactifs-cosmetiques\/#breadcrumb","itemListElement":[{"@type":"ListItem","position":1,"name":"Accueil","item":"https:\/\/www.exsymol.com\/fr\/"},{"@type":"ListItem","position":2,"name":"Designer d\u2019actifs cosm\u00e9tiques"}]},{"@type":"WebSite","@id":"https:\/\/www.exsymol.com\/en\/#website","url":"https:\/\/www.exsymol.com\/en\/","name":"Exsymol","description":"Designer d&#039;ingr\u00e9dients actifs","potentialAction":[{"@type":"SearchAction","target":{"@type":"EntryPoint","urlTemplate":"https:\/\/www.exsymol.com\/en\/?s={search_term_string}"},"query-input":{"@type":"PropertyValueSpecification","valueRequired":true,"valueName":"search_term_string"}}],"inLanguage":"fr-FR"}]}},"_links":{"self":[{"href":"https:\/\/www.exsymol.com\/fr\/wp-json\/wp\/v2\/pages\/22\/"}],"collection":[{"href":"https:\/\/www.exsymol.com\/fr\/wp-json\/wp\/v2\/pages\/"}],"about":[{"href":"https:\/\/www.exsymol.com\/fr\/wp-json\/wp\/v2\/types\/page\/"}],"author":[{"embeddable":true,"href":"https:\/\/www.exsymol.com\/fr\/wp-json\/wp\/v2\/users\/328\/"}],"replies":[{"embeddable":true,"href":"https:\/\/www.exsymol.com\/fr\/wp-json\/wp\/v2\/comments\/?post=22"}],"version-history":[{"count":1,"href":"https:\/\/www.exsymol.com\/fr\/wp-json\/wp\/v2\/pages\/22\/revisions\/"}],"predecessor-version":[{"id":10185,"href":"https:\/\/www.exsymol.com\/fr\/wp-json\/wp\/v2\/pages\/22\/revisions\/10185\/"}],"wp:attachment":[{"href":"https:\/\/www.exsymol.com\/fr\/wp-json\/wp\/v2\/media\/?parent=22"}],"curies":[{"name":"wp","href":"https:\/\/api.w.org\/{rel}","templated":true}]}}