{"id":4264,"date":"2019-03-01T06:34:48","date_gmt":"2019-03-01T06:34:48","guid":{"rendered":"https:\/\/www.exsymol.com\/?page_id=4264"},"modified":"2023-12-13T09:20:32","modified_gmt":"2023-12-13T08:20:32","slug":"mentions-legales","status":"publish","type":"page","link":"https:\/\/www.exsymol.com\/fr\/mentions-legales\/","title":{"rendered":"Mentions l\u00e9gales"},"content":{"rendered":"\n<h3 class=\"wp-block-heading\">EXSYMOL SAM<\/h3>\n\n\n\n<p>Ce site est \u00e9dit\u00e9 par la soci\u00e9t\u00e9&nbsp;<strong>EXSYMOL SAM<\/strong><br>Adresse : 4, avenue Albert II \u2013 98.000 MONACO<br>T\u00e9l : (+377) 92 05 66 77<br><strong>Directeur de la publication<\/strong>&nbsp;: P. Bondon, Directeur G\u00e9n\u00e9ral<\/p>\n\n\n\n<h3 class=\"wp-block-heading\">Prestataire technique<\/h3>\n\n\n\n<p>L\u2019h\u00e9bergement du site de soci\u00e9t\u00e9\u00a0<strong>EXSYMOL SAM<\/strong> est assur\u00e9 par Magic Online<br>130-134, Avenue du pr\u00e9sident Wilson<br>93512 Montreuil Cedex<\/p>\n\n\n\n<h3 class=\"wp-block-heading\">Conditions g\u00e9n\u00e9rales d\u2019utilisation<\/h3>\n\n\n\n<p>Les conditions g\u00e9n\u00e9rales ont pour objet de pr\u00e9ciser les modalit\u00e9s d\u2019utilisation du site web accessible \u00e0 l\u2019adresse http:\/\/www.exsymol.com<\/p>\n\n\n\n<h3 class=\"wp-block-heading\">Droits de propri\u00e9t\u00e9 intellectuelle<\/h3>\n\n\n\n<p>Les images, logos et contenus de ce site sont prot\u00e9g\u00e9s par des droits de propri\u00e9t\u00e9 intellectuelle et industrielle. Toute extraction, exploitation ou utilisation de ces derniers devra \u00eatre effectu\u00e9e conform\u00e9ment \u00e0 la l\u00e9gislation en vigueur.<\/p>\n\n\n\n<p>La reproduction de tout ou partie des contenus publi\u00e9s sur le site ne pourra \u00eatre faite que sous r\u00e9serve du respect des conditions cumulatives suivantes :<\/p>\n\n\n\n<p>1\u00b0 la citation de la source des contenus reproduits : http:\/\/www.exsymol.com<br>2\u00b0 l&rsquo;ajout de la mention \u00a0\u00bb \u00a9 EXSYMOL SAM.\u00a0\u00bb<br>3\u00b0 la gratuit\u00e9 totale de la diffusion<br>4\u00b0 le respect de l&rsquo;int\u00e9grit\u00e9 des contenus reproduits<br>5\u00b0 une destination ne portant pas atteinte \u00e0 l&rsquo;ordre publique ou aux bonnes m\u0153urs, aux droits des personnes, et de mani\u00e8re g\u00e9n\u00e9rale, \u00e0 la l\u00e9gislation en vigueur, \u00e0 l\u2019int\u00e9grit\u00e9, la r\u00e9putation et les int\u00e9r\u00eats de la soci\u00e9t\u00e9&nbsp;<strong>EXSYMOL SAM<\/strong>.<\/p>\n\n\n\n<h3 class=\"wp-block-heading\">Cr\u00e9ation de liens hypertextes vers le site http:\/\/www.exsymol.com<\/h3>\n\n\n\n<p>La cr\u00e9ation de liens hypertextes vers le site http:\/\/www.exsymol.com est autoris\u00e9e \u00e0 des fins purement informationnelles. Un tel lien ne saurait en aucun cas sous-entendre l&rsquo;existence d&rsquo;une quelconque affiliation, ou validation de la part de la soci\u00e9t\u00e9&nbsp;<strong>EXSYMOL SAM<\/strong>.<\/p>\n\n\n\n<h3 class=\"wp-block-heading\">Port\u00e9e des contenus<\/h3>\n\n\n\n<p>Les textes et documents sont pr\u00e9sent\u00e9s \u00e0 titre informatif.<\/p>\n\n\n\n<h3 class=\"wp-block-heading\">Protection des donn\u00e9es personnelles<\/h3>\n\n\n\n<h4 class=\"wp-block-heading\">Information sur les traitements exploit\u00e9s par la soci\u00e9t\u00e9 EXSYMOL S.A.M.<\/h4>\n\n\n\n<p>Conform\u00e9ment \u00e0 la loi n\u00b01.165 du 23 d\u00e9cembre 1993, modifi\u00e9e, la soci\u00e9t\u00e9&nbsp;<strong>EXSYMOL SAM<\/strong>&nbsp;exploite les traitements automatis\u00e9s ayant les finalit\u00e9s suivantes :&nbsp;<br>\u00ab Tenue d\u2019une base d\u2019utilisateurs du site autoris\u00e9s \u00e0 t\u00e9l\u00e9charger les documents technico-commerciaux\u00bb<br>Les personnes concern\u00e9es par ces traitements automatis\u00e9s disposent d\u2019un droit d\u2019acc\u00e8s \u00e0 leurs donn\u00e9es personnelles et d\u2019un droit de rectification, pouvant \u00eatre exerc\u00e9s par courrier adress\u00e9 \u00e0 l\u2019adresse de la Direction g\u00e9n\u00e9rale de la soci\u00e9t\u00e9&nbsp;<strong>EXSYMOL SAM<\/strong>&nbsp;4 avenue Albert II, 98000 Monaco.<\/p>\n\n\n\n<h4 class=\"wp-block-heading\">Cookies<\/h4>\n\n\n\n<p>Lorsque vous vous connectez au site, la soci\u00e9t\u00e9&nbsp;<strong>EXSYMOL SAM<\/strong>&nbsp;ne collecte ou ne conserve aucune donn\u00e9e vous concernant.<\/p>\n\n\n\n<h4 class=\"wp-block-heading\">Google analytics<\/h4>\n\n\n\n<p>Service offert par la soci\u00e9t\u00e9 Google qui traite \u00e0 la demande de la soci\u00e9t\u00e9&nbsp;<strong>EXSYMOL SAM<\/strong>. Les informations des internautes qui se sont connect\u00e9s au site www.exsymol.com.<br>La soci\u00e9t\u00e9 Google fournit des statistiques sur les internautes qui se sont connect\u00e9s au site en analysant les donn\u00e9es de connexion, comme l\u2019adresse IP, le temps de fr\u00e9quentation, les pages visit\u00e9es\u2026<\/p>\n","protected":false},"excerpt":{"rendered":"EXSYMOL SAM Ce site est \u00e9dit\u00e9 par la soci\u00e9t\u00e9&nbsp;EXSYMOL SAMAdresse : 4, avenue Albert II \u2013 98.000 MONACOT\u00e9l : (+377) 92 05 66 77Directeur de la publication&nbsp;: P. Bondon, Directeur G\u00e9n\u00e9ral Prestataire technique L\u2019h\u00e9bergement du site de soci\u00e9t\u00e9\u00a0EXSYMOL SAM est assur\u00e9 par Magic Online130-134, Avenue du pr\u00e9sident Wilson93512 Montreuil Cedex Conditions g\u00e9n\u00e9rales d\u2019utilisation Les conditions&#8230; <a class=\"view-article\" href=\"https:\/\/www.exsymol.com\/fr\/mentions-legales\/\">Voir l&rsquo;article<\/a>","protected":false},"author":328,"featured_media":0,"parent":0,"menu_order":0,"comment_status":"closed","ping_status":"closed","template":"page-mentions.php","meta":{"_acf_changed":false,"footnotes":""},"class_list":["post-4264","page","type-page","status-publish","hentry"],"acf":[],"yoast_head":"<!-- This site is optimized with the Yoast SEO plugin v26.8 - https:\/\/yoast.com\/product\/yoast-seo-wordpress\/ -->\n<title>Mentions l\u00e9gales - Exsymol<\/title>\n<meta name=\"robots\" content=\"index, follow, max-snippet:-1, max-image-preview:large, max-video-preview:-1\" \/>\n<link rel=\"canonical\" href=\"https:\/\/www.exsymol.com\/fr\/mentions-legales\/\" \/>\n<meta property=\"og:locale\" content=\"fr_FR\" \/>\n<meta property=\"og:type\" content=\"article\" \/>\n<meta property=\"og:title\" content=\"Mentions l\u00e9gales - Exsymol\" \/>\n<meta property=\"og:description\" content=\"EXSYMOL SAM Ce site est \u00e9dit\u00e9 par la soci\u00e9t\u00e9&nbsp;EXSYMOL SAMAdresse : 4, avenue Albert II \u2013 98.000 MONACOT\u00e9l : (+377) 92 05 66 77Directeur de la publication&nbsp;: P. Bondon, Directeur G\u00e9n\u00e9ral Prestataire technique L\u2019h\u00e9bergement du site de soci\u00e9t\u00e9\u00a0EXSYMOL SAM est assur\u00e9 par Magic Online130-134, Avenue du pr\u00e9sident Wilson93512 Montreuil Cedex Conditions g\u00e9n\u00e9rales d\u2019utilisation Les conditions... Voir l&#039;article\" \/>\n<meta property=\"og:url\" content=\"https:\/\/www.exsymol.com\/fr\/mentions-legales\/\" \/>\n<meta property=\"og:site_name\" content=\"Exsymol\" \/>\n<meta property=\"article:modified_time\" content=\"2023-12-13T08:20:32+00:00\" \/>\n<meta name=\"twitter:card\" content=\"summary_large_image\" \/>\n<meta name=\"twitter:label1\" content=\"Dur\u00e9e de lecture estim\u00e9e\" \/>\n\t<meta name=\"twitter:data1\" content=\"3 minutes\" \/>\n<script type=\"application\/ld+json\" class=\"yoast-schema-graph\">{\"@context\":\"https:\/\/schema.org\",\"@graph\":[{\"@type\":\"WebPage\",\"@id\":\"https:\/\/www.exsymol.com\/fr\/mentions-legales\/\",\"url\":\"https:\/\/www.exsymol.com\/fr\/mentions-legales\/\",\"name\":\"Mentions l\u00e9gales - Exsymol\",\"isPartOf\":{\"@id\":\"https:\/\/www.exsymol.com\/en\/#website\"},\"datePublished\":\"2019-03-01T06:34:48+00:00\",\"dateModified\":\"2023-12-13T08:20:32+00:00\",\"breadcrumb\":{\"@id\":\"https:\/\/www.exsymol.com\/fr\/mentions-legales\/#breadcrumb\"},\"inLanguage\":\"fr-FR\",\"potentialAction\":[{\"@type\":\"ReadAction\",\"target\":[\"https:\/\/www.exsymol.com\/fr\/mentions-legales\/\"]}]},{\"@type\":\"BreadcrumbList\",\"@id\":\"https:\/\/www.exsymol.com\/fr\/mentions-legales\/#breadcrumb\",\"itemListElement\":[{\"@type\":\"ListItem\",\"position\":1,\"name\":\"Accueil\",\"item\":\"https:\/\/www.exsymol.com\/fr\/\"},{\"@type\":\"ListItem\",\"position\":2,\"name\":\"Mentions l\u00e9gales\"}]},{\"@type\":\"WebSite\",\"@id\":\"https:\/\/www.exsymol.com\/en\/#website\",\"url\":\"https:\/\/www.exsymol.com\/en\/\",\"name\":\"Exsymol\",\"description\":\"Designer d&#039;ingr\u00e9dients actifs\",\"potentialAction\":[{\"@type\":\"SearchAction\",\"target\":{\"@type\":\"EntryPoint\",\"urlTemplate\":\"https:\/\/www.exsymol.com\/en\/?s={search_term_string}\"},\"query-input\":{\"@type\":\"PropertyValueSpecification\",\"valueRequired\":true,\"valueName\":\"search_term_string\"}}],\"inLanguage\":\"fr-FR\"}]}<\/script>\n<!-- \/ Yoast SEO plugin. -->","yoast_head_json":{"title":"Mentions l\u00e9gales - Exsymol","robots":{"index":"index","follow":"follow","max-snippet":"max-snippet:-1","max-image-preview":"max-image-preview:large","max-video-preview":"max-video-preview:-1"},"canonical":"https:\/\/www.exsymol.com\/fr\/mentions-legales\/","og_locale":"fr_FR","og_type":"article","og_title":"Mentions l\u00e9gales - Exsymol","og_description":"EXSYMOL SAM Ce site est \u00e9dit\u00e9 par la soci\u00e9t\u00e9&nbsp;EXSYMOL SAMAdresse : 4, avenue Albert II \u2013 98.000 MONACOT\u00e9l : (+377) 92 05 66 77Directeur de la publication&nbsp;: P. Bondon, Directeur G\u00e9n\u00e9ral Prestataire technique L\u2019h\u00e9bergement du site de soci\u00e9t\u00e9\u00a0EXSYMOL SAM est assur\u00e9 par Magic Online130-134, Avenue du pr\u00e9sident Wilson93512 Montreuil Cedex Conditions g\u00e9n\u00e9rales d\u2019utilisation Les conditions... Voir l'article","og_url":"https:\/\/www.exsymol.com\/fr\/mentions-legales\/","og_site_name":"Exsymol","article_modified_time":"2023-12-13T08:20:32+00:00","twitter_card":"summary_large_image","twitter_misc":{"Dur\u00e9e de lecture estim\u00e9e":"3 minutes"},"schema":{"@context":"https:\/\/schema.org","@graph":[{"@type":"WebPage","@id":"https:\/\/www.exsymol.com\/fr\/mentions-legales\/","url":"https:\/\/www.exsymol.com\/fr\/mentions-legales\/","name":"Mentions l\u00e9gales - Exsymol","isPartOf":{"@id":"https:\/\/www.exsymol.com\/en\/#website"},"datePublished":"2019-03-01T06:34:48+00:00","dateModified":"2023-12-13T08:20:32+00:00","breadcrumb":{"@id":"https:\/\/www.exsymol.com\/fr\/mentions-legales\/#breadcrumb"},"inLanguage":"fr-FR","potentialAction":[{"@type":"ReadAction","target":["https:\/\/www.exsymol.com\/fr\/mentions-legales\/"]}]},{"@type":"BreadcrumbList","@id":"https:\/\/www.exsymol.com\/fr\/mentions-legales\/#breadcrumb","itemListElement":[{"@type":"ListItem","position":1,"name":"Accueil","item":"https:\/\/www.exsymol.com\/fr\/"},{"@type":"ListItem","position":2,"name":"Mentions l\u00e9gales"}]},{"@type":"WebSite","@id":"https:\/\/www.exsymol.com\/en\/#website","url":"https:\/\/www.exsymol.com\/en\/","name":"Exsymol","description":"Designer d&#039;ingr\u00e9dients actifs","potentialAction":[{"@type":"SearchAction","target":{"@type":"EntryPoint","urlTemplate":"https:\/\/www.exsymol.com\/en\/?s={search_term_string}"},"query-input":{"@type":"PropertyValueSpecification","valueRequired":true,"valueName":"search_term_string"}}],"inLanguage":"fr-FR"}]}},"_links":{"self":[{"href":"https:\/\/www.exsymol.com\/fr\/wp-json\/wp\/v2\/pages\/4264\/"}],"collection":[{"href":"https:\/\/www.exsymol.com\/fr\/wp-json\/wp\/v2\/pages\/"}],"about":[{"href":"https:\/\/www.exsymol.com\/fr\/wp-json\/wp\/v2\/types\/page\/"}],"author":[{"embeddable":true,"href":"https:\/\/www.exsymol.com\/fr\/wp-json\/wp\/v2\/users\/328\/"}],"replies":[{"embeddable":true,"href":"https:\/\/www.exsymol.com\/fr\/wp-json\/wp\/v2\/comments\/?post=4264"}],"version-history":[{"count":1,"href":"https:\/\/www.exsymol.com\/fr\/wp-json\/wp\/v2\/pages\/4264\/revisions\/"}],"predecessor-version":[{"id":10187,"href":"https:\/\/www.exsymol.com\/fr\/wp-json\/wp\/v2\/pages\/4264\/revisions\/10187\/"}],"wp:attachment":[{"href":"https:\/\/www.exsymol.com\/fr\/wp-json\/wp\/v2\/media\/?parent=4264"}],"curies":[{"name":"wp","href":"https:\/\/api.w.org\/{rel}","templated":true}]}}