{"id":9999,"date":"2023-10-06T09:21:35","date_gmt":"2023-10-06T07:21:35","guid":{"rendered":"https:\/\/www.exsymol.com\/?page_id=9999"},"modified":"2024-04-26T09:11:11","modified_gmt":"2024-04-26T07:11:11","slug":"nutrition","status":"publish","type":"page","link":"https:\/\/www.exsymol.com\/fr\/nutrition\/","title":{"rendered":"Nutrition"},"content":{"rendered":"\n<p>Pour toute demande d\u2019informations, merci de nous \u00e9crire \u00e0 <a href=\"mailto:customerservice@exsymol.com\"><strong>customerservice@exsymol.com<\/strong><\/a><\/p>\n\n\n\n<p>Vous pouvez \u00e9galement consulter le site internet de notre distributeur exclusif IONTEC : <a href=\"https:\/\/www.iontec-europe.com\/\" target=\"_blank\" rel=\"noreferrer noopener\"><strong>https:\/\/www.iontec-europe.com\/<\/strong><\/a><\/p>\n\n\n\n<figure class=\"wp-block-image size-large\"><img loading=\"lazy\" decoding=\"async\" width=\"1024\" height=\"168\" src=\"https:\/\/www.exsymol.com\/wp-content\/uploads\/2023\/10\/TABLEAU-NUTRI-1024x168.png\" alt=\"\" class=\"wp-image-10070\" style=\"object-fit:cover\" srcset=\"https:\/\/www.exsymol.com\/wp-content\/uploads\/2023\/10\/TABLEAU-NUTRI-1024x168.png 1024w, https:\/\/www.exsymol.com\/wp-content\/uploads\/2023\/10\/TABLEAU-NUTRI-300x49.png 300w, https:\/\/www.exsymol.com\/wp-content\/uploads\/2023\/10\/TABLEAU-NUTRI-768x126.png 768w, https:\/\/www.exsymol.com\/wp-content\/uploads\/2023\/10\/TABLEAU-NUTRI-1536x252.png 1536w, https:\/\/www.exsymol.com\/wp-content\/uploads\/2023\/10\/TABLEAU-NUTRI-2048x336.png 2048w, https:\/\/www.exsymol.com\/wp-content\/uploads\/2023\/10\/TABLEAU-NUTRI-1568x258.png 1568w\" sizes=\"auto, (max-width: 1024px) 100vw, 1024px\" \/><\/figure>\n","protected":false},"excerpt":{"rendered":"Pour toute demande d\u2019informations, merci de nous \u00e9crire \u00e0 customerservice@exsymol.com Vous pouvez \u00e9galement consulter le site internet de notre distributeur exclusif IONTEC : https:\/\/www.iontec-europe.com\/","protected":false},"author":328,"featured_media":0,"parent":0,"menu_order":0,"comment_status":"closed","ping_status":"closed","template":"page-dossier.php","meta":{"_acf_changed":false,"footnotes":""},"class_list":["post-9999","page","type-page","status-publish","hentry"],"acf":[],"yoast_head":"<!-- This site is optimized with the Yoast SEO plugin v26.8 - https:\/\/yoast.com\/product\/yoast-seo-wordpress\/ -->\n<title>Nutrition - Exsymol<\/title>\n<meta name=\"description\" content=\"La nutrition a \u00e9volu\u00e9, voici le catalogue de nos produits pour s\u2019adapter au plus pr\u00e8s des besoins de chacun.\" \/>\n<meta name=\"robots\" content=\"index, follow, max-snippet:-1, max-image-preview:large, max-video-preview:-1\" \/>\n<link rel=\"canonical\" href=\"https:\/\/www.exsymol.com\/fr\/nutrition\/\" \/>\n<meta property=\"og:locale\" content=\"fr_FR\" \/>\n<meta property=\"og:type\" content=\"article\" \/>\n<meta property=\"og:title\" content=\"Nutrition - Exsymol\" \/>\n<meta property=\"og:description\" content=\"La nutrition a \u00e9volu\u00e9, voici le catalogue de nos produits pour s\u2019adapter au plus pr\u00e8s des besoins de chacun.\" \/>\n<meta property=\"og:url\" content=\"https:\/\/www.exsymol.com\/fr\/nutrition\/\" \/>\n<meta property=\"og:site_name\" content=\"Exsymol\" \/>\n<meta property=\"article:modified_time\" content=\"2024-04-26T07:11:11+00:00\" \/>\n<meta property=\"og:image\" content=\"https:\/\/www.exsymol.com\/wp-content\/uploads\/2023\/10\/TABLEAU-NUTRI-1024x168.png\" \/>\n<meta name=\"twitter:card\" content=\"summary_large_image\" \/>\n<meta name=\"twitter:label1\" content=\"Dur\u00e9e de lecture estim\u00e9e\" \/>\n\t<meta name=\"twitter:data1\" content=\"1 minute\" \/>\n<script type=\"application\/ld+json\" class=\"yoast-schema-graph\">{\"@context\":\"https:\/\/schema.org\",\"@graph\":[{\"@type\":\"WebPage\",\"@id\":\"https:\/\/www.exsymol.com\/fr\/nutrition\/\",\"url\":\"https:\/\/www.exsymol.com\/fr\/nutrition\/\",\"name\":\"Nutrition - Exsymol\",\"isPartOf\":{\"@id\":\"https:\/\/www.exsymol.com\/en\/#website\"},\"primaryImageOfPage\":{\"@id\":\"https:\/\/www.exsymol.com\/fr\/nutrition\/#primaryimage\"},\"image\":{\"@id\":\"https:\/\/www.exsymol.com\/fr\/nutrition\/#primaryimage\"},\"thumbnailUrl\":\"https:\/\/www.exsymol.com\/wp-content\/uploads\/2023\/10\/TABLEAU-NUTRI-1024x168.png\",\"datePublished\":\"2023-10-06T07:21:35+00:00\",\"dateModified\":\"2024-04-26T07:11:11+00:00\",\"description\":\"La nutrition a \u00e9volu\u00e9, voici le catalogue de nos produits pour s\u2019adapter au plus pr\u00e8s des besoins de chacun.\",\"breadcrumb\":{\"@id\":\"https:\/\/www.exsymol.com\/fr\/nutrition\/#breadcrumb\"},\"inLanguage\":\"fr-FR\",\"potentialAction\":[{\"@type\":\"ReadAction\",\"target\":[\"https:\/\/www.exsymol.com\/fr\/nutrition\/\"]}]},{\"@type\":\"ImageObject\",\"inLanguage\":\"fr-FR\",\"@id\":\"https:\/\/www.exsymol.com\/fr\/nutrition\/#primaryimage\",\"url\":\"https:\/\/www.exsymol.com\/wp-content\/uploads\/2023\/10\/TABLEAU-NUTRI-1024x168.png\",\"contentUrl\":\"https:\/\/www.exsymol.com\/wp-content\/uploads\/2023\/10\/TABLEAU-NUTRI-1024x168.png\"},{\"@type\":\"BreadcrumbList\",\"@id\":\"https:\/\/www.exsymol.com\/fr\/nutrition\/#breadcrumb\",\"itemListElement\":[{\"@type\":\"ListItem\",\"position\":1,\"name\":\"Accueil\",\"item\":\"https:\/\/www.exsymol.com\/fr\/\"},{\"@type\":\"ListItem\",\"position\":2,\"name\":\"Nutrition\"}]},{\"@type\":\"WebSite\",\"@id\":\"https:\/\/www.exsymol.com\/en\/#website\",\"url\":\"https:\/\/www.exsymol.com\/en\/\",\"name\":\"Exsymol\",\"description\":\"Designer d&#039;ingr\u00e9dients actifs\",\"potentialAction\":[{\"@type\":\"SearchAction\",\"target\":{\"@type\":\"EntryPoint\",\"urlTemplate\":\"https:\/\/www.exsymol.com\/en\/?s={search_term_string}\"},\"query-input\":{\"@type\":\"PropertyValueSpecification\",\"valueRequired\":true,\"valueName\":\"search_term_string\"}}],\"inLanguage\":\"fr-FR\"}]}<\/script>\n<!-- \/ Yoast SEO plugin. -->","yoast_head_json":{"title":"Nutrition - Exsymol","description":"La nutrition a \u00e9volu\u00e9, voici le catalogue de nos produits pour s\u2019adapter au plus pr\u00e8s des besoins de chacun.","robots":{"index":"index","follow":"follow","max-snippet":"max-snippet:-1","max-image-preview":"max-image-preview:large","max-video-preview":"max-video-preview:-1"},"canonical":"https:\/\/www.exsymol.com\/fr\/nutrition\/","og_locale":"fr_FR","og_type":"article","og_title":"Nutrition - Exsymol","og_description":"La nutrition a \u00e9volu\u00e9, voici le catalogue de nos produits pour s\u2019adapter au plus pr\u00e8s des besoins de chacun.","og_url":"https:\/\/www.exsymol.com\/fr\/nutrition\/","og_site_name":"Exsymol","article_modified_time":"2024-04-26T07:11:11+00:00","og_image":[{"url":"https:\/\/www.exsymol.com\/wp-content\/uploads\/2023\/10\/TABLEAU-NUTRI-1024x168.png","type":"","width":"","height":""}],"twitter_card":"summary_large_image","twitter_misc":{"Dur\u00e9e de lecture estim\u00e9e":"1 minute"},"schema":{"@context":"https:\/\/schema.org","@graph":[{"@type":"WebPage","@id":"https:\/\/www.exsymol.com\/fr\/nutrition\/","url":"https:\/\/www.exsymol.com\/fr\/nutrition\/","name":"Nutrition - Exsymol","isPartOf":{"@id":"https:\/\/www.exsymol.com\/en\/#website"},"primaryImageOfPage":{"@id":"https:\/\/www.exsymol.com\/fr\/nutrition\/#primaryimage"},"image":{"@id":"https:\/\/www.exsymol.com\/fr\/nutrition\/#primaryimage"},"thumbnailUrl":"https:\/\/www.exsymol.com\/wp-content\/uploads\/2023\/10\/TABLEAU-NUTRI-1024x168.png","datePublished":"2023-10-06T07:21:35+00:00","dateModified":"2024-04-26T07:11:11+00:00","description":"La nutrition a \u00e9volu\u00e9, voici le catalogue de nos produits pour s\u2019adapter au plus pr\u00e8s des besoins de chacun.","breadcrumb":{"@id":"https:\/\/www.exsymol.com\/fr\/nutrition\/#breadcrumb"},"inLanguage":"fr-FR","potentialAction":[{"@type":"ReadAction","target":["https:\/\/www.exsymol.com\/fr\/nutrition\/"]}]},{"@type":"ImageObject","inLanguage":"fr-FR","@id":"https:\/\/www.exsymol.com\/fr\/nutrition\/#primaryimage","url":"https:\/\/www.exsymol.com\/wp-content\/uploads\/2023\/10\/TABLEAU-NUTRI-1024x168.png","contentUrl":"https:\/\/www.exsymol.com\/wp-content\/uploads\/2023\/10\/TABLEAU-NUTRI-1024x168.png"},{"@type":"BreadcrumbList","@id":"https:\/\/www.exsymol.com\/fr\/nutrition\/#breadcrumb","itemListElement":[{"@type":"ListItem","position":1,"name":"Accueil","item":"https:\/\/www.exsymol.com\/fr\/"},{"@type":"ListItem","position":2,"name":"Nutrition"}]},{"@type":"WebSite","@id":"https:\/\/www.exsymol.com\/en\/#website","url":"https:\/\/www.exsymol.com\/en\/","name":"Exsymol","description":"Designer d&#039;ingr\u00e9dients actifs","potentialAction":[{"@type":"SearchAction","target":{"@type":"EntryPoint","urlTemplate":"https:\/\/www.exsymol.com\/en\/?s={search_term_string}"},"query-input":{"@type":"PropertyValueSpecification","valueRequired":true,"valueName":"search_term_string"}}],"inLanguage":"fr-FR"}]}},"_links":{"self":[{"href":"https:\/\/www.exsymol.com\/fr\/wp-json\/wp\/v2\/pages\/9999\/"}],"collection":[{"href":"https:\/\/www.exsymol.com\/fr\/wp-json\/wp\/v2\/pages\/"}],"about":[{"href":"https:\/\/www.exsymol.com\/fr\/wp-json\/wp\/v2\/types\/page\/"}],"author":[{"embeddable":true,"href":"https:\/\/www.exsymol.com\/fr\/wp-json\/wp\/v2\/users\/328\/"}],"replies":[{"embeddable":true,"href":"https:\/\/www.exsymol.com\/fr\/wp-json\/wp\/v2\/comments\/?post=9999"}],"version-history":[{"count":18,"href":"https:\/\/www.exsymol.com\/fr\/wp-json\/wp\/v2\/pages\/9999\/revisions\/"}],"predecessor-version":[{"id":10281,"href":"https:\/\/www.exsymol.com\/fr\/wp-json\/wp\/v2\/pages\/9999\/revisions\/10281\/"}],"wp:attachment":[{"href":"https:\/\/www.exsymol.com\/fr\/wp-json\/wp\/v2\/media\/?parent=9999"}],"curies":[{"name":"wp","href":"https:\/\/api.w.org\/{rel}","templated":true}]}}